{"id":52241,"date":"2022-05-03T14:43:00","date_gmt":"2022-05-03T14:43:00","guid":{"rendered":"https:\/\/observatorio-democracia.pt\/politica-de-privacidade\/"},"modified":"2022-06-09T17:11:39","modified_gmt":"2022-06-09T17:11:39","slug":"politica-de-privacidade","status":"publish","type":"page","link":"https:\/\/observatorio-democracia.pt\/en\/politica-de-privacidade\/","title":{"rendered":"Privacy Policy"},"content":{"rendered":"\t\t<div data-elementor-type=\"wp-page\" data-elementor-id=\"52241\" class=\"elementor elementor-52241 elementor-51164\" data-elementor-post-type=\"page\">\n\t\t\t\t\t\t<section class=\"elementor-section elementor-top-section elementor-element elementor-element-1fd1e2c elementor-section-boxed elementor-section-height-default elementor-section-height-default\" data-id=\"1fd1e2c\" data-element_type=\"section\">\n\t\t\t\t\t\t<div class=\"elementor-container elementor-column-gap-wide\">\n\t\t\t\t\t<div class=\"elementor-column elementor-col-100 elementor-top-column elementor-element elementor-element-2506161\" data-id=\"2506161\" data-element_type=\"column\">\n\t\t\t<div class=\"elementor-widget-wrap elementor-element-populated\">\n\t\t\t\t\t\t<div class=\"elementor-element elementor-element-5b8e6f2 elementor-widget elementor-widget-text-editor\" data-id=\"5b8e6f2\" data-element_type=\"widget\" data-widget_type=\"text-editor.default\">\n\t\t\t\t<div class=\"elementor-widget-container\">\n\t\t\t\t\t\t\t\t\t<div class=\"wpb_text_column wpb_content_element \">\n<div class=\"wpb_wrapper\">\n<h3>Introduction<\/h3>\nThe Observatory of Democracy and Political Representation, hereinafter referred to as ODRP, is the entity responsible for this Website. The privacy and protection of the personal data of the users of the ODRP Website are a priority for this Observatory and managed in accordance with all applicable legal and regulatory standards. This privacy notice explains how we use the personal information we may collect about you when you use this website. By providing your personal data through the ODRP website, you agree to the use that the institution may make of the personal information that you submit or are collected, within the scope and under the terms of this privacy policy. The website <a href=\"https:\/\/www.observatorio-democracia.pt\/\">https:\/\/www.observatorio-democracia.pt\/<\/a> includes links to other pages or platforms, where information may be collected guys. We recommend that you check the privacy notices of these websites before providing your Personal Data.\n<h3>Technical information<\/h3>\nThis website collects technical information, such as the IP (Internet Protocol) address, pages visited and the navigation program (browser) used to view the website, in order to improve the effectiveness of the website and diagnose problems, to administer this website and to analyze the source of website traffic. We may also gather other information such as website usage preferences. In this context, we may use \u201ccookies\u201d to manage information. For more information about cookies, please consult our\u00a0<a href=\"https:\/\/observatorio-democracia.pt\/politica-de-cookies\/\">Cookies Notice<\/a>\n\n<h3>What personal information is collected when you visit our website?<\/h3>\nNo registration is required to access the ODRP website. However, when subscribing to our Newsletter, you are asked for your e-mail. We collect the information strictly necessary to process your contact and send you a newsletter. We do not collect categories of sensitive personal information. Sensitive information includes data relating to race or ethnic origin, political opinions, religious or philosophical beliefs, trade union membership, data relating to your health, sexual life and orientation, and criminal record. This website contains links to other pages, platforms, social networks, websites. This privacy notice only applies to this website. You should read the privacy policies provided there before providing your Personal Data.\n<h3>How we use your personal data<\/h3>\nWe only use your personal data to respond to requests you submit to us. This data is collected via our website, and the contact is received via email at the ODRP. The lawfulness of the processing of personal data collected via the ODRP website is based on the Observatory&#8217;s legitimate interests in maintaining proximity and facilitating another channel of communication to its main interlocutors. We also use your visit data to the ODRP website, in order to allow us to give you the best and most pleasant browsing conditions when using the services provided.\n<h3>Your rights<\/h3>\nYou always have the right to access your personal information that you have made available via the ODRP website. You must request its update and correction, whenever it is incorrect. You can also choose not to receive the information sent to you by the ODRP, limit the processing of data or request that your data be deleted from our records. For this purpose, you can use the following email address: <a href=\"mailto:info@observatorio-democracia.pt\">info@observatorio-democracia.pt<\/a>. Your requests will be dealt with without undue delay and in accordance with the applicable legislation in force.\n<h3>Making personal data available to third parties<\/h3>\nWe may share your personal information with other institutions that are part of the ISCTE-IUL universe, provided that it is for the same purposes for which it was collected. From time to time, we may disclose personal information in response to a court order, for reasons of public interest or for other reasons determined by law. The disclosure\/sharing of personal data will never be carried out when the recipient&#8217;s promotional and marketing interests are based on it. We do not carry out promotional actions for the benefit of third parties.\n<h3>How long do we keep your personal data?<\/h3>\nYour data will be kept for the period of time necessary to fulfill the purposes of its treatment or as long as it is legally required to be kept. During the retention period, integrity and access to data is guaranteed.\n<h3>Security of your data<\/h3>\nThe ODRP guarantees the use of appropriate techniques, organizational and security measures to protect personal information, preventing its loss, misuse, alteration or destruction, guaranteeing its integrity, availability and confidentiality. All employees are required to keep personal data confidential. Only authorized personnel have access to personal information.\n<h3>Privacy Policy Update<\/h3>\nThe Privacy Policy may be updated when necessary. You can check the date of the last change in this document. Changes to the Privacy Policy are effective from the date of their publication. We advise you to regularly review the Privacy Policy to check for changes in the way we use your personal information.\n<h3>Contacts<\/h3>\nIf you have any reservations about how we use your personal data, you have the right to submit this complaint to the competent supervisory authority \u2013 National Data Protection Commission (CNPD). For the purposes of contacts regarding the use of your personal data or for the exercise of your rights, you can do so through:\n<strong>ISCTE \u2013 Instituto Universit\u00e1rio de Lisboa<\/strong>\nAv.\u00aa das For\u00e7as Armadas, 1649-026 Lisboa\nE-mail: <a href=\"info@observatorio-democracia.pt\">info@observatorio-democracia.pt<\/a>\n\n<\/div>\n<strong>Latest Privacy Policy Update:<\/strong> May 03, 2022.\n\n<\/div>\t\t\t\t\t\t\t\t<\/div>\n\t\t\t\t<\/div>\n\t\t\t\t\t<\/div>\n\t\t<\/div>\n\t\t\t\t\t<\/div>\n\t\t<\/section>\n\t\t\t\t<section class=\"elementor-section elementor-top-section elementor-element elementor-element-a062729 elementor-section-boxed elementor-section-height-default elementor-section-height-default\" data-id=\"a062729\" data-element_type=\"section\">\n\t\t\t\t\t\t<div class=\"elementor-container elementor-column-gap-default\">\n\t\t\t\t\t<div class=\"elementor-column elementor-col-100 elementor-top-column elementor-element elementor-element-b0b8122\" data-id=\"b0b8122\" data-element_type=\"column\">\n\t\t\t<div class=\"elementor-widget-wrap elementor-element-populated\">\n\t\t\t\t\t\t<div class=\"elementor-element elementor-element-35d3875 elementor-widget elementor-widget-spacer\" data-id=\"35d3875\" data-element_type=\"widget\" data-widget_type=\"spacer.default\">\n\t\t\t\t<div class=\"elementor-widget-container\">\n\t\t\t\t\t\t\t<div class=\"elementor-spacer\">\n\t\t\t<div class=\"elementor-spacer-inner\"><\/div>\n\t\t<\/div>\n\t\t\t\t\t\t<\/div>\n\t\t\t\t<\/div>\n\t\t\t\t\t<\/div>\n\t\t<\/div>\n\t\t\t\t\t<\/div>\n\t\t<\/section>\n\t\t\t\t<\/div>\n\t\t","protected":false},"excerpt":{"rendered":"<p>Introduction The Observatory of Democracy and Political Representation, hereinafter referred to as ODRP, is the entity responsible for this Website. The privacy and protection of the personal data of the users of the ODRP Website are a priority for this Observatory and managed in accordance with all applicable legal and regulatory standards. This privacy notice&hellip;<\/p>\n","protected":false},"author":1,"featured_media":0,"parent":0,"menu_order":0,"comment_status":"closed","ping_status":"closed","template":"","meta":{"footnotes":""},"class_list":["post-52241","page","type-page","status-publish","hentry"],"yoast_head":"<!-- This site is optimized with the Yoast SEO plugin v24.7 - https:\/\/yoast.com\/wordpress\/plugins\/seo\/ -->\n<title>Privacy Policy | Observatory of Democracy ISCTE Portugal<\/title>\n<meta name=\"description\" content=\"The privacy and protection of the personal data of the users of the ODRP Website are a priority for this Observatory.\" \/>\n<meta name=\"robots\" content=\"index, follow, max-snippet:-1, max-image-preview:large, max-video-preview:-1\" \/>\n<link rel=\"canonical\" href=\"https:\/\/observatorio-democracia.pt\/en\/politica-de-privacidade\/\" \/>\n<meta property=\"og:locale\" content=\"en_US\" \/>\n<meta property=\"og:type\" content=\"article\" \/>\n<meta property=\"og:title\" content=\"Privacy Policy | Observatory of Democracy ISCTE Portugal\" \/>\n<meta property=\"og:description\" content=\"The privacy and protection of the personal data of the users of the ODRP Website are a priority for this Observatory.\" \/>\n<meta property=\"og:url\" content=\"https:\/\/observatorio-democracia.pt\/en\/politica-de-privacidade\/\" \/>\n<meta property=\"og:site_name\" content=\"Observat\u00f3rio da Democracia e da Representa\u00e7\u00e3o Pol\u00edtica\" \/>\n<meta property=\"article:publisher\" content=\"https:\/\/www.facebook.com\/observatorio.democracia.representacao.politica\" \/>\n<meta property=\"article:modified_time\" content=\"2022-06-09T17:11:39+00:00\" \/>\n<meta name=\"twitter:card\" content=\"summary_large_image\" \/>\n<meta name=\"twitter:site\" content=\"@Observatorioda4\" \/>\n<meta name=\"twitter:label1\" content=\"Est. reading time\" \/>\n\t<meta name=\"twitter:data1\" content=\"4 minutes\" \/>\n<script type=\"application\/ld+json\" class=\"yoast-schema-graph\">{\"@context\":\"https:\/\/schema.org\",\"@graph\":[{\"@type\":\"WebPage\",\"@id\":\"https:\/\/observatorio-democracia.pt\/en\/politica-de-privacidade\/\",\"url\":\"https:\/\/observatorio-democracia.pt\/en\/politica-de-privacidade\/\",\"name\":\"Privacy Policy | Observatory of Democracy ISCTE Portugal\",\"isPartOf\":{\"@id\":\"https:\/\/observatorio-democracia.pt\/en\/#website\"},\"datePublished\":\"2022-05-03T14:43:00+00:00\",\"dateModified\":\"2022-06-09T17:11:39+00:00\",\"description\":\"The privacy and protection of the personal data of the users of the ODRP Website are a priority for this Observatory.\",\"breadcrumb\":{\"@id\":\"https:\/\/observatorio-democracia.pt\/en\/politica-de-privacidade\/#breadcrumb\"},\"inLanguage\":\"en-US\",\"potentialAction\":[{\"@type\":\"ReadAction\",\"target\":[\"https:\/\/observatorio-democracia.pt\/en\/politica-de-privacidade\/\"]}]},{\"@type\":\"BreadcrumbList\",\"@id\":\"https:\/\/observatorio-democracia.pt\/en\/politica-de-privacidade\/#breadcrumb\",\"itemListElement\":[{\"@type\":\"ListItem\",\"position\":1,\"name\":\"In\u00edcio\",\"item\":\"https:\/\/observatorio-democracia.pt\/en\/\"},{\"@type\":\"ListItem\",\"position\":2,\"name\":\"Privacy Policy\"}]},{\"@type\":\"WebSite\",\"@id\":\"https:\/\/observatorio-democracia.pt\/en\/#website\",\"url\":\"https:\/\/observatorio-democracia.pt\/en\/\",\"name\":\"Observat\u00f3rio da Democracia e da Representa\u00e7\u00e3o Pol\u00edtica\",\"description\":\"Um bem para a Cidadania\",\"publisher\":{\"@id\":\"https:\/\/observatorio-democracia.pt\/en\/#organization\"},\"potentialAction\":[{\"@type\":\"SearchAction\",\"target\":{\"@type\":\"EntryPoint\",\"urlTemplate\":\"https:\/\/observatorio-democracia.pt\/en\/?s={search_term_string}\"},\"query-input\":{\"@type\":\"PropertyValueSpecification\",\"valueRequired\":true,\"valueName\":\"search_term_string\"}}],\"inLanguage\":\"en-US\"},{\"@type\":\"Organization\",\"@id\":\"https:\/\/observatorio-democracia.pt\/en\/#organization\",\"name\":\"Observat\u00f3rio da Democracia e da Representa\u00e7\u00e3o Pol\u00edtica\",\"url\":\"https:\/\/observatorio-democracia.pt\/en\/\",\"logo\":{\"@type\":\"ImageObject\",\"inLanguage\":\"en-US\",\"@id\":\"https:\/\/observatorio-democracia.pt\/en\/#\/schema\/logo\/image\/\",\"url\":\"https:\/\/observatorio-democracia.pt\/wp-content\/uploads\/2022\/04\/logo-observatorio-democracia-forms.jpg\",\"contentUrl\":\"https:\/\/observatorio-democracia.pt\/wp-content\/uploads\/2022\/04\/logo-observatorio-democracia-forms.jpg\",\"width\":400,\"height\":98,\"caption\":\"Observat\u00f3rio da Democracia e da Representa\u00e7\u00e3o Pol\u00edtica\"},\"image\":{\"@id\":\"https:\/\/observatorio-democracia.pt\/en\/#\/schema\/logo\/image\/\"},\"sameAs\":[\"https:\/\/www.facebook.com\/observatorio.democracia.representacao.politica\",\"https:\/\/x.com\/Observatorioda4\",\"https:\/\/www.instagram.com\/observatoriodrp\/\"]}]}<\/script>\n<!-- \/ Yoast SEO plugin. -->","yoast_head_json":{"title":"Privacy Policy | Observatory of Democracy ISCTE Portugal","description":"The privacy and protection of the personal data of the users of the ODRP Website are a priority for this Observatory.","robots":{"index":"index","follow":"follow","max-snippet":"max-snippet:-1","max-image-preview":"max-image-preview:large","max-video-preview":"max-video-preview:-1"},"canonical":"https:\/\/observatorio-democracia.pt\/en\/politica-de-privacidade\/","og_locale":"en_US","og_type":"article","og_title":"Privacy Policy | Observatory of Democracy ISCTE Portugal","og_description":"The privacy and protection of the personal data of the users of the ODRP Website are a priority for this Observatory.","og_url":"https:\/\/observatorio-democracia.pt\/en\/politica-de-privacidade\/","og_site_name":"Observat\u00f3rio da Democracia e da Representa\u00e7\u00e3o Pol\u00edtica","article_publisher":"https:\/\/www.facebook.com\/observatorio.democracia.representacao.politica","article_modified_time":"2022-06-09T17:11:39+00:00","twitter_card":"summary_large_image","twitter_site":"@Observatorioda4","twitter_misc":{"Est. reading time":"4 minutes"},"schema":{"@context":"https:\/\/schema.org","@graph":[{"@type":"WebPage","@id":"https:\/\/observatorio-democracia.pt\/en\/politica-de-privacidade\/","url":"https:\/\/observatorio-democracia.pt\/en\/politica-de-privacidade\/","name":"Privacy Policy | Observatory of Democracy ISCTE Portugal","isPartOf":{"@id":"https:\/\/observatorio-democracia.pt\/en\/#website"},"datePublished":"2022-05-03T14:43:00+00:00","dateModified":"2022-06-09T17:11:39+00:00","description":"The privacy and protection of the personal data of the users of the ODRP Website are a priority for this Observatory.","breadcrumb":{"@id":"https:\/\/observatorio-democracia.pt\/en\/politica-de-privacidade\/#breadcrumb"},"inLanguage":"en-US","potentialAction":[{"@type":"ReadAction","target":["https:\/\/observatorio-democracia.pt\/en\/politica-de-privacidade\/"]}]},{"@type":"BreadcrumbList","@id":"https:\/\/observatorio-democracia.pt\/en\/politica-de-privacidade\/#breadcrumb","itemListElement":[{"@type":"ListItem","position":1,"name":"In\u00edcio","item":"https:\/\/observatorio-democracia.pt\/en\/"},{"@type":"ListItem","position":2,"name":"Privacy Policy"}]},{"@type":"WebSite","@id":"https:\/\/observatorio-democracia.pt\/en\/#website","url":"https:\/\/observatorio-democracia.pt\/en\/","name":"Observat\u00f3rio da Democracia e da Representa\u00e7\u00e3o Pol\u00edtica","description":"Um bem para a Cidadania","publisher":{"@id":"https:\/\/observatorio-democracia.pt\/en\/#organization"},"potentialAction":[{"@type":"SearchAction","target":{"@type":"EntryPoint","urlTemplate":"https:\/\/observatorio-democracia.pt\/en\/?s={search_term_string}"},"query-input":{"@type":"PropertyValueSpecification","valueRequired":true,"valueName":"search_term_string"}}],"inLanguage":"en-US"},{"@type":"Organization","@id":"https:\/\/observatorio-democracia.pt\/en\/#organization","name":"Observat\u00f3rio da Democracia e da Representa\u00e7\u00e3o Pol\u00edtica","url":"https:\/\/observatorio-democracia.pt\/en\/","logo":{"@type":"ImageObject","inLanguage":"en-US","@id":"https:\/\/observatorio-democracia.pt\/en\/#\/schema\/logo\/image\/","url":"https:\/\/observatorio-democracia.pt\/wp-content\/uploads\/2022\/04\/logo-observatorio-democracia-forms.jpg","contentUrl":"https:\/\/observatorio-democracia.pt\/wp-content\/uploads\/2022\/04\/logo-observatorio-democracia-forms.jpg","width":400,"height":98,"caption":"Observat\u00f3rio da Democracia e da Representa\u00e7\u00e3o Pol\u00edtica"},"image":{"@id":"https:\/\/observatorio-democracia.pt\/en\/#\/schema\/logo\/image\/"},"sameAs":["https:\/\/www.facebook.com\/observatorio.democracia.representacao.politica","https:\/\/x.com\/Observatorioda4","https:\/\/www.instagram.com\/observatoriodrp\/"]}]}},"_links":{"self":[{"href":"https:\/\/observatorio-democracia.pt\/en\/wp-json\/wp\/v2\/pages\/52241","targetHints":{"allow":["GET"]}}],"collection":[{"href":"https:\/\/observatorio-democracia.pt\/en\/wp-json\/wp\/v2\/pages"}],"about":[{"href":"https:\/\/observatorio-democracia.pt\/en\/wp-json\/wp\/v2\/types\/page"}],"author":[{"embeddable":true,"href":"https:\/\/observatorio-democracia.pt\/en\/wp-json\/wp\/v2\/users\/1"}],"replies":[{"embeddable":true,"href":"https:\/\/observatorio-democracia.pt\/en\/wp-json\/wp\/v2\/comments?post=52241"}],"version-history":[{"count":4,"href":"https:\/\/observatorio-democracia.pt\/en\/wp-json\/wp\/v2\/pages\/52241\/revisions"}],"predecessor-version":[{"id":52246,"href":"https:\/\/observatorio-democracia.pt\/en\/wp-json\/wp\/v2\/pages\/52241\/revisions\/52246"}],"wp:attachment":[{"href":"https:\/\/observatorio-democracia.pt\/en\/wp-json\/wp\/v2\/media?parent=52241"}],"curies":[{"name":"wp","href":"https:\/\/api.w.org\/{rel}","templated":true}]}}