{"id":52224,"date":"2022-05-03T14:29:38","date_gmt":"2022-05-03T14:29:38","guid":{"rendered":"https:\/\/observatorio-democracia.pt\/termos-e-condicoes\/"},"modified":"2022-06-09T16:52:01","modified_gmt":"2022-06-09T16:52:01","slug":"termos-e-condicoes","status":"publish","type":"page","link":"https:\/\/observatorio-democracia.pt\/en\/termos-e-condicoes\/","title":{"rendered":"Terms and Conditions"},"content":{"rendered":"\t\t<div data-elementor-type=\"wp-page\" data-elementor-id=\"52224\" class=\"elementor elementor-52224 elementor-51151\" data-elementor-post-type=\"page\">\n\t\t\t\t\t\t<section class=\"elementor-section elementor-top-section elementor-element elementor-element-1fd1e2c elementor-section-boxed elementor-section-height-default elementor-section-height-default\" data-id=\"1fd1e2c\" data-element_type=\"section\">\n\t\t\t\t\t\t<div class=\"elementor-container elementor-column-gap-wide\">\n\t\t\t\t\t<div class=\"elementor-column elementor-col-100 elementor-top-column elementor-element elementor-element-2506161\" data-id=\"2506161\" data-element_type=\"column\">\n\t\t\t<div class=\"elementor-widget-wrap elementor-element-populated\">\n\t\t\t\t\t\t<div class=\"elementor-element elementor-element-5b8e6f2 elementor-widget elementor-widget-text-editor\" data-id=\"5b8e6f2\" data-element_type=\"widget\" data-widget_type=\"text-editor.default\">\n\t\t\t\t<div class=\"elementor-widget-container\">\n\t\t\t\t\t\t\t\t\t<h5>A finalidade deste portal \u00e9 exclusivamente informativa. A informa\u00e7\u00e3o contida no portal Observat\u00f3rio da Democracia e Representa\u00e7\u00e3o Pol\u00edtica (adiante designado por ODRP) destina-se&nbsp; exclusivamente a providenciar informa\u00e7\u00e3o sobre o Observat\u00f3rio e respetivos estudos.<\/h5>\n<h5><\/h5>\n<h3>Copyright<\/h3>\n<p>All contents on this portal are the property of the ODRP, being protected by the Code of Copyright and Related Rights and by the Industrial Property Code. By accessing the ODRP portal, the user is authorized to make any use within the terms of the aforementioned law. Each and every citation must identify the ODRP, referring to the specific web address of the data consulted and the date of consultation.<br><span style=\"letter-spacing: var(--the7-base-letter-spacing); text-transform: var(--the7-base-text-transform); word-spacing: normal;\"><br>The Copyright and Related Rights of the portals and the contents of third-party portals (links) belong exclusively to the owners of these portals, the authors of the texts, or whoever is stipulated in the respective rules of use.<\/span><br><\/p>\n<h3><\/h3>\n<h3>Content<\/h3>\n<p>Despite our efforts, the ODRP cannot guarantee that the content of the portal is completely up to date, either in terms of its own content or in terms of third-party content. Therefore, the ODRP is not responsible for the accuracy and timeliness of the contents presented on this portal, as well as for the timeliness, quality, security and legality of the links or the contents of the links, since it cannot guarantee the management of the contents of third-party portals.<br><br>The ODRP is not responsible, nor can it be held responsible, for any direct or indirect damage or loss, derived from the use of the information contained in this portal or in the portals referenced therein (links) there is no legal relationship between the ODRP and the users, nor rights and reciprocal duties.<br><br>ODRP reserves the right to change, delete or add any information in the portal content without prior notice. Likewise, the ODRP reserves the right to suspend or cancel the dissemination of certain contents or even this portal.<\/p>\n<h3><\/h3>\n<h3>Use<\/h3>\n<p>Users may only access the portal and the information contained therein for lawful purposes.<br><br>If the user detects any inaccuracy or inaccuracy in the content of the portal or the portals referenced therein, he must communicate this fact to the address <b>info@observatorio-democracia.pt<\/b>.<br><br>The information made available in files for download does not constitute nor can it be interpreted as providing a service.<br><br>The material contained in the download files is for informational purposes only, and the ODRP is not responsible for any inaccuracies or outdated information contained in the document.<\/p>\n<h3><\/h3>\n<h3>Service availability<\/h3>\n<p>Given the complexity of data transmission on the internet, it is not possible for us to guarantee that there will be no disruption or even interruption of the service at certain times, due to accidental damage, external constraints or intrusions by unauthorized third parties.<\/p>\n<h3><\/h3>\n<h3>Complaints and suggestions<\/h3>\n<p>Any complaints and suggestions may be submitted via email to the address <b>info@observatorio-democracia.pt<\/b>. After processing, they will be replied to the email address provided by the user.<\/p>\n<h3><\/h3>\n<h3>Acceptance of terms of use<\/h3>\n<p>By using the ODRP portal, the user accepts the terms and conditions of the same.<br>\nThis portal is governed by Portuguese law, and the Courts of Lisbon are competent for any possible dispute.<\/p>\n<p>Second, regular collection and dissemination of data on social and political movements and on the state of democracy (representative and participatory) and political representation in Portugal, Europe and the world.<\/p>\n<p>Third, hold colloquia and conferences that bring together the various scientific areas of Group IV of CIES-Iscte (Political Science, Sociology, Social Work, Public Policy), and, hopefully, give rise to joint publications.<\/p>\n<p>Fourth, regularly disseminate data and publicize the activities of the \u00abObservatory for Democracy and Political Representation\u00bb, in its various valences, within the scope of its website and respective newsletter.<\/p>\n<p>Fifth, to participate in the construction of a research infrastructure at European level on elections and political representation, that is, by bringing together, in a unified and coherent structure, studies on candidates (studies on political elites) and on parties with studies on voters (national electoral studies), MEDem &#8211; Monitoring Electoral Democracy (where CIES-iscte participates together with ICS-UL in the international network under construction).<\/p>\t\t\t\t\t\t\t\t<\/div>\n\t\t\t\t<\/div>\n\t\t\t\t\t<\/div>\n\t\t<\/div>\n\t\t\t\t\t<\/div>\n\t\t<\/section>\n\t\t\t\t<section class=\"elementor-section elementor-top-section elementor-element elementor-element-a062729 elementor-section-boxed elementor-section-height-default elementor-section-height-default\" data-id=\"a062729\" data-element_type=\"section\">\n\t\t\t\t\t\t<div class=\"elementor-container elementor-column-gap-default\">\n\t\t\t\t\t<div class=\"elementor-column elementor-col-100 elementor-top-column elementor-element elementor-element-b0b8122\" data-id=\"b0b8122\" data-element_type=\"column\">\n\t\t\t<div class=\"elementor-widget-wrap elementor-element-populated\">\n\t\t\t\t\t\t<div class=\"elementor-element elementor-element-35d3875 elementor-widget elementor-widget-spacer\" data-id=\"35d3875\" data-element_type=\"widget\" data-widget_type=\"spacer.default\">\n\t\t\t\t<div class=\"elementor-widget-container\">\n\t\t\t\t\t\t\t<div class=\"elementor-spacer\">\n\t\t\t<div class=\"elementor-spacer-inner\"><\/div>\n\t\t<\/div>\n\t\t\t\t\t\t<\/div>\n\t\t\t\t<\/div>\n\t\t\t\t\t<\/div>\n\t\t<\/div>\n\t\t\t\t\t<\/div>\n\t\t<\/section>\n\t\t\t\t<\/div>\n\t\t","protected":false},"excerpt":{"rendered":"<p>A finalidade deste portal \u00e9 exclusivamente informativa. A informa\u00e7\u00e3o contida no portal Observat\u00f3rio da Democracia e Representa\u00e7\u00e3o Pol\u00edtica (adiante designado por ODRP) destina-se&nbsp; exclusivamente a providenciar informa\u00e7\u00e3o sobre o Observat\u00f3rio e respetivos estudos. Copyright All contents on this portal are the property of the ODRP, being protected by the Code of Copyright and Related Rights&hellip;<\/p>\n","protected":false},"author":1,"featured_media":0,"parent":0,"menu_order":0,"comment_status":"closed","ping_status":"closed","template":"","meta":{"footnotes":""},"class_list":["post-52224","page","type-page","status-publish","hentry"],"yoast_head":"<!-- This site is optimized with the Yoast SEO plugin v24.7 - https:\/\/yoast.com\/wordpress\/plugins\/seo\/ -->\n<title>Terms and Conditions | Observatory of Democracy ISCTE Portugal<\/title>\n<meta name=\"description\" content=\"The information contained in the Observatory of Democracy and Political Representation portal is exclusively intended to provide information about the Observatory.\" \/>\n<meta name=\"robots\" content=\"index, follow, max-snippet:-1, max-image-preview:large, max-video-preview:-1\" \/>\n<link rel=\"canonical\" href=\"https:\/\/observatorio-democracia.pt\/en\/termos-e-condicoes\/\" \/>\n<meta property=\"og:locale\" content=\"en_US\" \/>\n<meta property=\"og:type\" content=\"article\" \/>\n<meta property=\"og:title\" content=\"Terms and Conditions | Observatory of Democracy ISCTE Portugal\" \/>\n<meta property=\"og:description\" content=\"The information contained in the Observatory of Democracy and Political Representation portal is exclusively intended to provide information about the Observatory.\" \/>\n<meta property=\"og:url\" content=\"https:\/\/observatorio-democracia.pt\/en\/termos-e-condicoes\/\" \/>\n<meta property=\"og:site_name\" content=\"Observat\u00f3rio da Democracia e da Representa\u00e7\u00e3o Pol\u00edtica\" \/>\n<meta property=\"article:publisher\" content=\"https:\/\/www.facebook.com\/observatorio.democracia.representacao.politica\" \/>\n<meta property=\"article:modified_time\" content=\"2022-06-09T16:52:01+00:00\" \/>\n<meta name=\"twitter:card\" content=\"summary_large_image\" \/>\n<meta name=\"twitter:site\" content=\"@Observatorioda4\" \/>\n<meta name=\"twitter:label1\" content=\"Est. reading time\" \/>\n\t<meta name=\"twitter:data1\" content=\"3 minutes\" \/>\n<script type=\"application\/ld+json\" class=\"yoast-schema-graph\">{\"@context\":\"https:\/\/schema.org\",\"@graph\":[{\"@type\":\"WebPage\",\"@id\":\"https:\/\/observatorio-democracia.pt\/en\/termos-e-condicoes\/\",\"url\":\"https:\/\/observatorio-democracia.pt\/en\/termos-e-condicoes\/\",\"name\":\"Terms and Conditions | Observatory of Democracy ISCTE Portugal\",\"isPartOf\":{\"@id\":\"https:\/\/observatorio-democracia.pt\/en\/#website\"},\"datePublished\":\"2022-05-03T14:29:38+00:00\",\"dateModified\":\"2022-06-09T16:52:01+00:00\",\"description\":\"The information contained in the Observatory of Democracy and Political Representation portal is exclusively intended to provide information about the Observatory.\",\"breadcrumb\":{\"@id\":\"https:\/\/observatorio-democracia.pt\/en\/termos-e-condicoes\/#breadcrumb\"},\"inLanguage\":\"en-US\",\"potentialAction\":[{\"@type\":\"ReadAction\",\"target\":[\"https:\/\/observatorio-democracia.pt\/en\/termos-e-condicoes\/\"]}]},{\"@type\":\"BreadcrumbList\",\"@id\":\"https:\/\/observatorio-democracia.pt\/en\/termos-e-condicoes\/#breadcrumb\",\"itemListElement\":[{\"@type\":\"ListItem\",\"position\":1,\"name\":\"In\u00edcio\",\"item\":\"https:\/\/observatorio-democracia.pt\/en\/\"},{\"@type\":\"ListItem\",\"position\":2,\"name\":\"Terms and Conditions\"}]},{\"@type\":\"WebSite\",\"@id\":\"https:\/\/observatorio-democracia.pt\/en\/#website\",\"url\":\"https:\/\/observatorio-democracia.pt\/en\/\",\"name\":\"Observat\u00f3rio da Democracia e da Representa\u00e7\u00e3o Pol\u00edtica\",\"description\":\"Um bem para a Cidadania\",\"publisher\":{\"@id\":\"https:\/\/observatorio-democracia.pt\/en\/#organization\"},\"potentialAction\":[{\"@type\":\"SearchAction\",\"target\":{\"@type\":\"EntryPoint\",\"urlTemplate\":\"https:\/\/observatorio-democracia.pt\/en\/?s={search_term_string}\"},\"query-input\":{\"@type\":\"PropertyValueSpecification\",\"valueRequired\":true,\"valueName\":\"search_term_string\"}}],\"inLanguage\":\"en-US\"},{\"@type\":\"Organization\",\"@id\":\"https:\/\/observatorio-democracia.pt\/en\/#organization\",\"name\":\"Observat\u00f3rio da Democracia e da Representa\u00e7\u00e3o Pol\u00edtica\",\"url\":\"https:\/\/observatorio-democracia.pt\/en\/\",\"logo\":{\"@type\":\"ImageObject\",\"inLanguage\":\"en-US\",\"@id\":\"https:\/\/observatorio-democracia.pt\/en\/#\/schema\/logo\/image\/\",\"url\":\"https:\/\/observatorio-democracia.pt\/wp-content\/uploads\/2022\/04\/logo-observatorio-democracia-forms.jpg\",\"contentUrl\":\"https:\/\/observatorio-democracia.pt\/wp-content\/uploads\/2022\/04\/logo-observatorio-democracia-forms.jpg\",\"width\":400,\"height\":98,\"caption\":\"Observat\u00f3rio da Democracia e da Representa\u00e7\u00e3o Pol\u00edtica\"},\"image\":{\"@id\":\"https:\/\/observatorio-democracia.pt\/en\/#\/schema\/logo\/image\/\"},\"sameAs\":[\"https:\/\/www.facebook.com\/observatorio.democracia.representacao.politica\",\"https:\/\/x.com\/Observatorioda4\",\"https:\/\/www.instagram.com\/observatoriodrp\/\"]}]}<\/script>\n<!-- \/ Yoast SEO plugin. -->","yoast_head_json":{"title":"Terms and Conditions | Observatory of Democracy ISCTE Portugal","description":"The information contained in the Observatory of Democracy and Political Representation portal is exclusively intended to provide information about the Observatory.","robots":{"index":"index","follow":"follow","max-snippet":"max-snippet:-1","max-image-preview":"max-image-preview:large","max-video-preview":"max-video-preview:-1"},"canonical":"https:\/\/observatorio-democracia.pt\/en\/termos-e-condicoes\/","og_locale":"en_US","og_type":"article","og_title":"Terms and Conditions | Observatory of Democracy ISCTE Portugal","og_description":"The information contained in the Observatory of Democracy and Political Representation portal is exclusively intended to provide information about the Observatory.","og_url":"https:\/\/observatorio-democracia.pt\/en\/termos-e-condicoes\/","og_site_name":"Observat\u00f3rio da Democracia e da Representa\u00e7\u00e3o Pol\u00edtica","article_publisher":"https:\/\/www.facebook.com\/observatorio.democracia.representacao.politica","article_modified_time":"2022-06-09T16:52:01+00:00","twitter_card":"summary_large_image","twitter_site":"@Observatorioda4","twitter_misc":{"Est. reading time":"3 minutes"},"schema":{"@context":"https:\/\/schema.org","@graph":[{"@type":"WebPage","@id":"https:\/\/observatorio-democracia.pt\/en\/termos-e-condicoes\/","url":"https:\/\/observatorio-democracia.pt\/en\/termos-e-condicoes\/","name":"Terms and Conditions | Observatory of Democracy ISCTE Portugal","isPartOf":{"@id":"https:\/\/observatorio-democracia.pt\/en\/#website"},"datePublished":"2022-05-03T14:29:38+00:00","dateModified":"2022-06-09T16:52:01+00:00","description":"The information contained in the Observatory of Democracy and Political Representation portal is exclusively intended to provide information about the Observatory.","breadcrumb":{"@id":"https:\/\/observatorio-democracia.pt\/en\/termos-e-condicoes\/#breadcrumb"},"inLanguage":"en-US","potentialAction":[{"@type":"ReadAction","target":["https:\/\/observatorio-democracia.pt\/en\/termos-e-condicoes\/"]}]},{"@type":"BreadcrumbList","@id":"https:\/\/observatorio-democracia.pt\/en\/termos-e-condicoes\/#breadcrumb","itemListElement":[{"@type":"ListItem","position":1,"name":"In\u00edcio","item":"https:\/\/observatorio-democracia.pt\/en\/"},{"@type":"ListItem","position":2,"name":"Terms and Conditions"}]},{"@type":"WebSite","@id":"https:\/\/observatorio-democracia.pt\/en\/#website","url":"https:\/\/observatorio-democracia.pt\/en\/","name":"Observat\u00f3rio da Democracia e da Representa\u00e7\u00e3o Pol\u00edtica","description":"Um bem para a Cidadania","publisher":{"@id":"https:\/\/observatorio-democracia.pt\/en\/#organization"},"potentialAction":[{"@type":"SearchAction","target":{"@type":"EntryPoint","urlTemplate":"https:\/\/observatorio-democracia.pt\/en\/?s={search_term_string}"},"query-input":{"@type":"PropertyValueSpecification","valueRequired":true,"valueName":"search_term_string"}}],"inLanguage":"en-US"},{"@type":"Organization","@id":"https:\/\/observatorio-democracia.pt\/en\/#organization","name":"Observat\u00f3rio da Democracia e da Representa\u00e7\u00e3o Pol\u00edtica","url":"https:\/\/observatorio-democracia.pt\/en\/","logo":{"@type":"ImageObject","inLanguage":"en-US","@id":"https:\/\/observatorio-democracia.pt\/en\/#\/schema\/logo\/image\/","url":"https:\/\/observatorio-democracia.pt\/wp-content\/uploads\/2022\/04\/logo-observatorio-democracia-forms.jpg","contentUrl":"https:\/\/observatorio-democracia.pt\/wp-content\/uploads\/2022\/04\/logo-observatorio-democracia-forms.jpg","width":400,"height":98,"caption":"Observat\u00f3rio da Democracia e da Representa\u00e7\u00e3o Pol\u00edtica"},"image":{"@id":"https:\/\/observatorio-democracia.pt\/en\/#\/schema\/logo\/image\/"},"sameAs":["https:\/\/www.facebook.com\/observatorio.democracia.representacao.politica","https:\/\/x.com\/Observatorioda4","https:\/\/www.instagram.com\/observatoriodrp\/"]}]}},"_links":{"self":[{"href":"https:\/\/observatorio-democracia.pt\/en\/wp-json\/wp\/v2\/pages\/52224","targetHints":{"allow":["GET"]}}],"collection":[{"href":"https:\/\/observatorio-democracia.pt\/en\/wp-json\/wp\/v2\/pages"}],"about":[{"href":"https:\/\/observatorio-democracia.pt\/en\/wp-json\/wp\/v2\/types\/page"}],"author":[{"embeddable":true,"href":"https:\/\/observatorio-democracia.pt\/en\/wp-json\/wp\/v2\/users\/1"}],"replies":[{"embeddable":true,"href":"https:\/\/observatorio-democracia.pt\/en\/wp-json\/wp\/v2\/comments?post=52224"}],"version-history":[{"count":8,"href":"https:\/\/observatorio-democracia.pt\/en\/wp-json\/wp\/v2\/pages\/52224\/revisions"}],"predecessor-version":[{"id":52233,"href":"https:\/\/observatorio-democracia.pt\/en\/wp-json\/wp\/v2\/pages\/52224\/revisions\/52233"}],"wp:attachment":[{"href":"https:\/\/observatorio-democracia.pt\/en\/wp-json\/wp\/v2\/media?parent=52224"}],"curies":[{"name":"wp","href":"https:\/\/api.w.org\/{rel}","templated":true}]}}